{"id":1317,"date":"2017-11-13T19:06:16","date_gmt":"2017-11-13T19:06:16","guid":{"rendered":"https:\/\/www.hazelbox.com\/impressum\/widerrufsbelehrung\/"},"modified":"2022-12-21T13:26:58","modified_gmt":"2022-12-21T13:26:58","slug":"widerrufsbelehrung","status":"publish","type":"page","link":"https:\/\/www.hazelbox.com\/fr\/impressum\/widerrufsbelehrung\/","title":{"rendered":"Widerrufsbelehrung"},"content":{"rendered":"\n<div class=\"row hzl-box hzl-fullWidth\"><!-- Zweiter Text -->\n<p>&nbsp;<\/p>\n<div class=\"small-12 small-centered medium-12 columns\">\n<h4>Widerrufsbelehrung<\/h4>\n<h4>Widerrufsrecht<\/h4>\n<p>Sie haben das Recht, binnen vierzehn Tagen ohne Angabe von Gr\u00fcnden diesen Vertrag zu widerrufen. Die Widerrufsfrist betr\u00e4gt vierzehn Tage ab dem Tag,<\/p>\n<ul>\n<li>an dem Sie oder ein von Ihnen benannter Dritter, der nicht der Bef\u00f6rderer ist, die Waren in Besitz genommen haben bzw. hat, wenn Sie eine Ware oder mehrere Waren im Rahmen einer einheitlichen Bestellung bestellt haben und die Ware bzw. Waren einheitlich geliefert wird bzw. werden;<\/li>\n<li>an dem Sie oder ein von Ihnen benannter Dritter, der nicht der Bef\u00f6rderer ist, die letzte Ware in Besitz genommen haben bzw. hat, wenn Sie mehrere Waren im Rahmen einer einheitlichen Bestellung bestellt haben und die Waren getrennt geliefert werden;<\/li>\n<li>an dem Sie oder ein von Ihnen benannter Dritter, der nicht der Bef\u00f6rderer ist, die letzte Teilsendung oder das letzte St\u00fcck in Besitz genommen haben bzw. hat, wenn Sie eine Ware bestellt haben, die in mehreren Teilsendungen oder St\u00fccken geliefert wird.<\/li>\n<\/ul>\n<p>Wenn mehrere der vorstehenden Alternativen vorliegen, beginnt die Widerrufsfrist erst zu laufen, wenn Sie oder ein von Ihnen benannter Dritter, der nicht der Bef\u00f6rderer ist, die letzte Ware oder die letzte Teilsendung bzw. das letzte St\u00fcck in Besitz genommen haben bzw. hat.<\/p>\n<p>Um Ihr Widerrufsrecht auszu\u00fcben, m\u00fcssen Sie uns<\/p>\n<p>M\u00f6\u00f6x GmbH<br>Kapuzinerstra\u00dfe 25b,<br>80337 M\u00fcnchen<br>Deutschland<br>Telefonnummer: 0049 (0)89 \u2013 9611 8581<br>E-mail: service@hazelbox.com<\/p>\n<p>mittels einer eindeutigen Erkl\u00e4rung (z.B. ein mit der Post versandter Brief, Telefax oder E-Mail) \u00fcber Ihren Entschluss, diesen Vertrag zu widerrufen, informieren. Sie k\u00f6nnen daf\u00fcr das beigef\u00fcgte Muster-Widerrufsformular verwenden, das jedoch nicht vorgeschrieben ist.<\/p>\n<p>Zur Wahrung der Widerrufsfrist reicht es aus, dass Sie die Mitteilung \u00fcber die Aus\u00fcbung des Widerrufsrechts vor Ablauf der Widerrufsfrist absenden.<\/p>\n<h4>Widerrufsfolgen<\/h4>\n<p>Wenn Sie diesen Vertrag widerrufen, haben wir Ihnen alle Zahlungen, die wir von Ihnen erhalten haben, einschlie\u00dflich der Lieferkosten (mit Ausnahme der zus\u00e4tzlichen Kosten, die sich daraus ergeben, dass Sie eine andere Art der Lieferung als die von uns angebotene, g\u00fcnstigste Standardlieferung gew\u00e4hlt haben), unverz\u00fcglich und sp\u00e4testens binnen vierzehn Tagen ab dem Tag zur\u00fcckzuzahlen, an dem die Mitteilung \u00fcber Ihren Widerruf dieses Vertrags bei uns eingegangen ist. F\u00fcr diese R\u00fcckzahlung verwenden wir dasselbe Zahlungsmittel, das Sie bei der urspr\u00fcnglichen Transaktion eingesetzt haben, es sei denn, mit Ihnen wurde ausdr\u00fccklich etwas anderes vereinbart; in keinem Fall werden Ihnen wegen dieser R\u00fcckzahlung Entgelte berechnet.<\/p>\n<p>Wir k\u00f6nnen die R\u00fcckzahlung verweigern, bis wir die Waren wieder zur\u00fcckerhalten haben oder bis Sie den Nachweis erbracht haben, dass Sie die Waren zur\u00fcckgesandt haben, je nachdem, welches der fr\u00fchere Zeitpunkt ist.<\/p>\n<p>Sie haben die Waren unverz\u00fcglich und in jedem Fall sp\u00e4testens binnen vierzehn Tagen ab dem Tag, an dem Sie uns \u00fcber den Widerruf dieses Vertrags unterrichten, an uns <a href=\"https:\/\/www.hazelbox.com\/fr\/livraison\/\">zur\u00fcckzusenden<\/a> oder zu \u00fcbergeben. Die Frist ist gewahrt, wenn Sie die Waren vor Ablauf der Frist von vierzehn Tagen absenden. Wir tragen die Kosten der R\u00fccksendung solcher Waren, die aufgrund ihrer Beschaffenheit normal mit der Post zur\u00fcckgesandt werden k\u00f6nnen.<\/p>\n<p>Hinsichtlich solcher Waren, die aufgrund ihrer Beschaffenheit nicht normal mit der Post zur\u00fcckgesandt werden k\u00f6nnen (Speditionsware), tragen Sie die unmittelbaren Kosten der R\u00fccksendung. Die Kosten werden auf h\u00f6chstens etwa 300 Euro gesch\u00e4tzt. Andernfalls tragen wir auch insoweit die Kosten der R\u00fccksendung der Waren.<\/p>\n<p>Sie m\u00fcssen f\u00fcr einen etwaigen Wertverlust der Waren nur aufkommen, wenn dieser Wertverlust auf einen zur Pr\u00fcfung der Beschaffenheit, Eigenschaften und Funktionsweise der Waren nicht notwendigen Umgang mit ihnen zur\u00fcckzuf\u00fchren ist.<\/p>\n<p><b>Ende der Widerrufsbelehrung<\/b><\/p>\n<div id=\"content\" class=\"site-content\" tabindex=\"-1\">\n<div class=\"col-full\">\n<div id=\"primary\" class=\"content-area\"><main id=\"main\" class=\"site-main\" role=\"main\">\n<p>&nbsp;<\/p>\n<div id=\"post-283\" class=\"post-283 page type-page status-publish hentry\">\n<div class=\"row hzl-box hzl-fullWidth\">\n<div class=\"small-10 small-centered medium-8 columns\">\n<p><strong>Muster-Widerrufsformular<\/strong><\/p>\n<p>Wenn Sie den Vertrag widerrufen wollen, dann f\u00fcllen Sie bitte dieses Formular aus uns senden Sie es zur\u00fcck an:<\/p>\n<p>M\u00f6\u00f6x GmbH<br>Kapuzinerstra\u00dfe 25b<br>80337 M\u00fcnchen<br>Deutschland<br>Telefonnummer: 0049 (0)89 \u2013 9611 8581<br>E-mail: service@hazelbox.com<\/p>\n<p>Hiermit widerrufe(n) ich\/wir (*) den von mir\/uns (*) abgeschlossenen Vertrag \u00fcber den Kauf der folgenden Waren (*)\/die Erbringung der folgenden Dienstleistung (*)<br>Bestellt am (*) \/ erhalten am (*): ________________________________________<br>Name des\/der Verbraucher(s): _________________________________________<br>Anschrift des\/der Verbraucher(s): ________________________________________<br>Unterschrift des\/der Verbraucher(s) (nur bei Mitteilung auf Papier)<br>Datum (*) Unzutreffendes streichen<br>16. Information nach \u00a7 36 VSBG<br>Zur Teilnahme an Streitbeilegungsverfahren vor Verbraucherschlichtungsstellen sind wir weder verpflichtet noch bereit.<\/p>\n<\/div>\n<\/div>\n<\/div>\n<p>&nbsp;<\/p>\n<\/main><\/div>\n<\/div>\n<\/div>\n<div class=\"row hzl-box-grey hzl-fullWidth hzl-footer\">\n<div class=\"small-10 small-centered columns\">&nbsp;<\/div>\n<\/div>\n<p><b>&nbsp;<\/b><\/p>\n<\/div>\n<\/div>\n","protected":false},"excerpt":{"rendered":"<p>&nbsp; Widerrufsbelehrung Widerrufsrecht Sie haben das Recht, binnen vierzehn Tagen ohne Angabe von Gr\u00fcnden diesen Vertrag zu widerrufen. Die Widerrufsfrist betr\u00e4gt vierzehn Tage ab dem Tag, an dem Sie oder ein von Ihnen benannter Dritter, der nicht der Bef\u00f6rderer ist, die Waren in Besitz genommen haben bzw. hat, wenn Sie eine Ware oder mehrere Waren [&hellip;]<\/p>\n","protected":false},"author":1,"featured_media":0,"parent":1210,"menu_order":0,"comment_status":"closed","ping_status":"closed","template":"","meta":{"_acf_changed":false,"inline_featured_image":false,"footnotes":""},"class_list":["post-1317","page","type-page","status-publish","hentry"],"acf":[],"yoast_head":"<!-- This site is optimized with the Yoast SEO Premium plugin v24.6 (Yoast SEO v25.4) - https:\/\/yoast.com\/wordpress\/plugins\/seo\/ -->\n<title>Widerrufsbelehrung - Hazelbox - Die Growbox aus Metall<\/title>\n<meta name=\"robots\" content=\"index, follow, max-snippet:-1, max-image-preview:large, max-video-preview:-1\" \/>\n<link rel=\"canonical\" href=\"https:\/\/www.hazelbox.com\/fr\/impressum\/widerrufsbelehrung\/\" \/>\n<meta property=\"og:locale\" content=\"fr_FR\" \/>\n<meta property=\"og:type\" content=\"article\" \/>\n<meta property=\"og:title\" content=\"Widerrufsbelehrung\" \/>\n<meta property=\"og:description\" content=\"&nbsp; Widerrufsbelehrung Widerrufsrecht Sie haben das Recht, binnen vierzehn Tagen ohne Angabe von Gr\u00fcnden diesen Vertrag zu widerrufen. Die Widerrufsfrist betr\u00e4gt vierzehn Tage ab dem Tag, an dem Sie oder ein von Ihnen benannter Dritter, der nicht der Bef\u00f6rderer ist, die Waren in Besitz genommen haben bzw. hat, wenn Sie eine Ware oder mehrere Waren [&hellip;]\" \/>\n<meta property=\"og:url\" content=\"https:\/\/www.hazelbox.com\/fr\/impressum\/widerrufsbelehrung\/\" \/>\n<meta property=\"og:site_name\" content=\"Hazelbox - Die Growbox aus Metall\" \/>\n<meta property=\"article:publisher\" content=\"https:\/\/www.facebook.com\/hazelbox\/\" \/>\n<meta property=\"article:modified_time\" content=\"2022-12-21T13:26:58+00:00\" \/>\n<meta name=\"twitter:card\" content=\"summary_large_image\" \/>\n<meta name=\"twitter:site\" content=\"@HazelboxGrowbox\" \/>\n<meta name=\"twitter:label1\" content=\"Dur\u00e9e de lecture estim\u00e9e\" \/>\n\t<meta name=\"twitter:data1\" content=\"4 minutes\" \/>\n<script type=\"application\/ld+json\" class=\"yoast-schema-graph\">{\"@context\":\"https:\/\/schema.org\",\"@graph\":[{\"@type\":\"WebPage\",\"@id\":\"https:\/\/www.hazelbox.com\/fr\/impressum\/widerrufsbelehrung\/\",\"url\":\"https:\/\/www.hazelbox.com\/fr\/impressum\/widerrufsbelehrung\/\",\"name\":\"Widerrufsbelehrung - Hazelbox - Die Growbox aus Metall\",\"isPartOf\":{\"@id\":\"https:\/\/www.hazelbox.com\/en\/#website\"},\"datePublished\":\"2017-11-13T19:06:16+00:00\",\"dateModified\":\"2022-12-21T13:26:58+00:00\",\"breadcrumb\":{\"@id\":\"https:\/\/www.hazelbox.com\/fr\/impressum\/widerrufsbelehrung\/#breadcrumb\"},\"inLanguage\":\"fr-FR\",\"potentialAction\":[{\"@type\":\"ReadAction\",\"target\":[\"https:\/\/www.hazelbox.com\/fr\/impressum\/widerrufsbelehrung\/\"]}]},{\"@type\":\"BreadcrumbList\",\"@id\":\"https:\/\/www.hazelbox.com\/fr\/impressum\/widerrufsbelehrung\/#breadcrumb\",\"itemListElement\":[{\"@type\":\"ListItem\",\"position\":1,\"name\":\"Startseite\",\"item\":\"https:\/\/www.hazelbox.com\/fr\/\"},{\"@type\":\"ListItem\",\"position\":2,\"name\":\"Imprimer\",\"item\":\"https:\/\/www.hazelbox.com\/fr\/impressum\/\"},{\"@type\":\"ListItem\",\"position\":3,\"name\":\"Widerrufsbelehrung\"}]},{\"@type\":\"WebSite\",\"@id\":\"https:\/\/www.hazelbox.com\/en\/#website\",\"url\":\"https:\/\/www.hazelbox.com\/en\/\",\"name\":\"Hazelbox - Die Growbox aus Metall\",\"description\":\"Neues von unserer Growbox aus Stahl\",\"publisher\":{\"@id\":\"https:\/\/www.hazelbox.com\/en\/#organization\"},\"potentialAction\":[{\"@type\":\"SearchAction\",\"target\":{\"@type\":\"EntryPoint\",\"urlTemplate\":\"https:\/\/www.hazelbox.com\/en\/?s={search_term_string}\"},\"query-input\":{\"@type\":\"PropertyValueSpecification\",\"valueRequired\":true,\"valueName\":\"search_term_string\"}}],\"inLanguage\":\"fr-FR\"},{\"@type\":\"Organization\",\"@id\":\"https:\/\/www.hazelbox.com\/en\/#organization\",\"name\":\"Hazelbox - Die Growbox aus Metall\",\"url\":\"https:\/\/www.hazelbox.com\/en\/\",\"logo\":{\"@type\":\"ImageObject\",\"inLanguage\":\"fr-FR\",\"@id\":\"https:\/\/www.hazelbox.com\/en\/#\/schema\/logo\/image\/\",\"url\":\"https:\/\/www.hazelbox.com\/wp-content\/uploads\/2021\/02\/hazelbox-favicon_Zeichenfla\u0308che-1.svg\",\"contentUrl\":\"https:\/\/www.hazelbox.com\/wp-content\/uploads\/2021\/02\/hazelbox-favicon_Zeichenfla\u0308che-1.svg\",\"width\":\"1024\",\"height\":\"1024\",\"caption\":\"Hazelbox - Die Growbox aus Metall\"},\"image\":{\"@id\":\"https:\/\/www.hazelbox.com\/en\/#\/schema\/logo\/image\/\"},\"sameAs\":[\"https:\/\/www.facebook.com\/hazelbox\/\",\"https:\/\/x.com\/HazelboxGrowbox\",\"https:\/\/www.instagram.com\/hazelbox.growbox\/\",\"https:\/\/www.youtube.com\/@HazelboxVideo\"]}]}<\/script>\n<!-- \/ Yoast SEO Premium plugin. -->","yoast_head_json":{"title":"Widerrufsbelehrung - Hazelbox - Die Growbox aus Metall","robots":{"index":"index","follow":"follow","max-snippet":"max-snippet:-1","max-image-preview":"max-image-preview:large","max-video-preview":"max-video-preview:-1"},"canonical":"https:\/\/www.hazelbox.com\/fr\/impressum\/widerrufsbelehrung\/","og_locale":"fr_FR","og_type":"article","og_title":"Widerrufsbelehrung","og_description":"&nbsp; Widerrufsbelehrung Widerrufsrecht Sie haben das Recht, binnen vierzehn Tagen ohne Angabe von Gr\u00fcnden diesen Vertrag zu widerrufen. Die Widerrufsfrist betr\u00e4gt vierzehn Tage ab dem Tag, an dem Sie oder ein von Ihnen benannter Dritter, der nicht der Bef\u00f6rderer ist, die Waren in Besitz genommen haben bzw. hat, wenn Sie eine Ware oder mehrere Waren [&hellip;]","og_url":"https:\/\/www.hazelbox.com\/fr\/impressum\/widerrufsbelehrung\/","og_site_name":"Hazelbox - Die Growbox aus Metall","article_publisher":"https:\/\/www.facebook.com\/hazelbox\/","article_modified_time":"2022-12-21T13:26:58+00:00","twitter_card":"summary_large_image","twitter_site":"@HazelboxGrowbox","twitter_misc":{"Dur\u00e9e de lecture estim\u00e9e":"4 minutes"},"schema":{"@context":"https:\/\/schema.org","@graph":[{"@type":"WebPage","@id":"https:\/\/www.hazelbox.com\/fr\/impressum\/widerrufsbelehrung\/","url":"https:\/\/www.hazelbox.com\/fr\/impressum\/widerrufsbelehrung\/","name":"Widerrufsbelehrung - Hazelbox - Die Growbox aus Metall","isPartOf":{"@id":"https:\/\/www.hazelbox.com\/en\/#website"},"datePublished":"2017-11-13T19:06:16+00:00","dateModified":"2022-12-21T13:26:58+00:00","breadcrumb":{"@id":"https:\/\/www.hazelbox.com\/fr\/impressum\/widerrufsbelehrung\/#breadcrumb"},"inLanguage":"fr-FR","potentialAction":[{"@type":"ReadAction","target":["https:\/\/www.hazelbox.com\/fr\/impressum\/widerrufsbelehrung\/"]}]},{"@type":"BreadcrumbList","@id":"https:\/\/www.hazelbox.com\/fr\/impressum\/widerrufsbelehrung\/#breadcrumb","itemListElement":[{"@type":"ListItem","position":1,"name":"Startseite","item":"https:\/\/www.hazelbox.com\/fr\/"},{"@type":"ListItem","position":2,"name":"Imprimer","item":"https:\/\/www.hazelbox.com\/fr\/impressum\/"},{"@type":"ListItem","position":3,"name":"Widerrufsbelehrung"}]},{"@type":"WebSite","@id":"https:\/\/www.hazelbox.com\/en\/#website","url":"https:\/\/www.hazelbox.com\/en\/","name":"Hazelbox - Die Growbox aus Metall","description":"Neues von unserer Growbox aus Stahl","publisher":{"@id":"https:\/\/www.hazelbox.com\/en\/#organization"},"potentialAction":[{"@type":"SearchAction","target":{"@type":"EntryPoint","urlTemplate":"https:\/\/www.hazelbox.com\/en\/?s={search_term_string}"},"query-input":{"@type":"PropertyValueSpecification","valueRequired":true,"valueName":"search_term_string"}}],"inLanguage":"fr-FR"},{"@type":"Organization","@id":"https:\/\/www.hazelbox.com\/en\/#organization","name":"Hazelbox - Die Growbox aus Metall","url":"https:\/\/www.hazelbox.com\/en\/","logo":{"@type":"ImageObject","inLanguage":"fr-FR","@id":"https:\/\/www.hazelbox.com\/en\/#\/schema\/logo\/image\/","url":"https:\/\/www.hazelbox.com\/wp-content\/uploads\/2021\/02\/hazelbox-favicon_Zeichenfla\u0308che-1.svg","contentUrl":"https:\/\/www.hazelbox.com\/wp-content\/uploads\/2021\/02\/hazelbox-favicon_Zeichenfla\u0308che-1.svg","width":"1024","height":"1024","caption":"Hazelbox - Die Growbox aus Metall"},"image":{"@id":"https:\/\/www.hazelbox.com\/en\/#\/schema\/logo\/image\/"},"sameAs":["https:\/\/www.facebook.com\/hazelbox\/","https:\/\/x.com\/HazelboxGrowbox","https:\/\/www.instagram.com\/hazelbox.growbox\/","https:\/\/www.youtube.com\/@HazelboxVideo"]}]}},"_links":{"self":[{"href":"https:\/\/www.hazelbox.com\/fr\/wp-json\/wp\/v2\/pages\/1317","targetHints":{"allow":["GET"]}}],"collection":[{"href":"https:\/\/www.hazelbox.com\/fr\/wp-json\/wp\/v2\/pages"}],"about":[{"href":"https:\/\/www.hazelbox.com\/fr\/wp-json\/wp\/v2\/types\/page"}],"author":[{"embeddable":true,"href":"https:\/\/www.hazelbox.com\/fr\/wp-json\/wp\/v2\/users\/1"}],"replies":[{"embeddable":true,"href":"https:\/\/www.hazelbox.com\/fr\/wp-json\/wp\/v2\/comments?post=1317"}],"version-history":[{"count":0,"href":"https:\/\/www.hazelbox.com\/fr\/wp-json\/wp\/v2\/pages\/1317\/revisions"}],"up":[{"embeddable":true,"href":"https:\/\/www.hazelbox.com\/fr\/wp-json\/wp\/v2\/pages\/1210"}],"wp:attachment":[{"href":"https:\/\/www.hazelbox.com\/fr\/wp-json\/wp\/v2\/media?parent=1317"}],"curies":[{"name":"wp","href":"https:\/\/api.w.org\/{rel}","templated":true}]}}