{"id":1303,"date":"2018-04-05T08:59:44","date_gmt":"2018-04-05T08:59:44","guid":{"rendered":"https:\/\/www.hazelbox.com\/?page_id=1303"},"modified":"2022-12-14T14:29:48","modified_gmt":"2022-12-14T14:29:48","slug":"contact","status":"publish","type":"page","link":"https:\/\/www.hazelbox.com\/fr\/contact\/","title":{"rendered":"Contact"},"content":{"rendered":"<div class=\"row hzl-box hzl-fullWidth\">\n<p><!-- Zweiter Text --><\/p>\n<div id=\"kontaktformular\" class=\"small-10 small-centered large-offset-2 large-6 large-uncentered columns\">\n<h1>Contact<\/h1>\n<p class=\"text-left hzl-text hzl-light\">Avez-vous des questions sur notre Hazelbox\u00ae?<br \/>\nNous r\u00e9pondons \u00e1 toutes les demandes le plus rapidement possible. Vous pouvez aussi nous appeler.<br \/>\nEnvoyez simplement un email \u00e1 notre \u00e9quipe de service.<br \/>\nVous pouvez nous joindre directement au <a href=\"tel:+498996118581\">089 9611 8581<\/a>.<\/p>\n<div class=\"formular-wrapper\">\n<p class=\"wpcf7-contact-form-not-found\"><strong>Erreur\u00a0:<\/strong> Formulaire de contact non trouv\u00e9\u00a0!<\/p>\n<\/div>\n<\/div>\n<\/div>\n","protected":false},"excerpt":{"rendered":"<p>Contact Avez-vous des questions sur notre Hazelbox\u00ae? Nous r\u00e9pondons \u00e1 toutes les demandes le plus rapidement possible. Vous pouvez aussi nous appeler. Envoyez simplement un email \u00e1 notre \u00e9quipe de service. Vous pouvez nous joindre directement au 089 9611 8581.<\/p>\n","protected":false},"author":1,"featured_media":0,"parent":0,"menu_order":0,"comment_status":"closed","ping_status":"closed","template":"template-fullwidth.php","meta":{"_acf_changed":false,"inline_featured_image":false,"footnotes":""},"class_list":["post-1303","page","type-page","status-publish","hentry"],"acf":[],"yoast_head":"<!-- This site is optimized with the Yoast SEO Premium plugin v24.6 (Yoast SEO v25.4) - https:\/\/yoast.com\/wordpress\/plugins\/seo\/ -->\n<title>Contact - Hazelbox - Die Growbox aus Metall<\/title>\n<meta name=\"description\" content=\"si vous avez des questions sur la culture domestique avec une growbox, contactez simplement notre \u00e9quipe Hazelbox \u00e0 tout moment\" \/>\n<meta name=\"robots\" content=\"index, follow, max-snippet:-1, max-image-preview:large, max-video-preview:-1\" \/>\n<link rel=\"canonical\" href=\"https:\/\/www.hazelbox.com\/fr\/contact\/\" \/>\n<meta property=\"og:locale\" content=\"fr_FR\" \/>\n<meta property=\"og:type\" content=\"article\" \/>\n<meta property=\"og:title\" content=\"Contact\" \/>\n<meta property=\"og:description\" content=\"si vous avez des questions sur la culture domestique avec une growbox, contactez simplement notre \u00e9quipe Hazelbox \u00e0 tout moment\" \/>\n<meta property=\"og:url\" content=\"https:\/\/www.hazelbox.com\/fr\/contact\/\" \/>\n<meta property=\"og:site_name\" content=\"Hazelbox - Die Growbox aus Metall\" \/>\n<meta property=\"article:publisher\" content=\"https:\/\/www.facebook.com\/hazelbox\/\" \/>\n<meta property=\"article:modified_time\" content=\"2022-12-14T14:29:48+00:00\" \/>\n<meta name=\"twitter:card\" content=\"summary_large_image\" \/>\n<meta name=\"twitter:site\" content=\"@HazelboxGrowbox\" \/>\n<meta name=\"twitter:label1\" content=\"Dur\u00e9e de lecture estim\u00e9e\" \/>\n\t<meta name=\"twitter:data1\" content=\"1 minute\" \/>\n<script type=\"application\/ld+json\" class=\"yoast-schema-graph\">{\"@context\":\"https:\/\/schema.org\",\"@graph\":[{\"@type\":\"WebPage\",\"@id\":\"https:\/\/www.hazelbox.com\/fr\/contact\/\",\"url\":\"https:\/\/www.hazelbox.com\/fr\/contact\/\",\"name\":\"Contact - Hazelbox - Die Growbox aus Metall\",\"isPartOf\":{\"@id\":\"https:\/\/www.hazelbox.com\/en\/#website\"},\"datePublished\":\"2018-04-05T08:59:44+00:00\",\"dateModified\":\"2022-12-14T14:29:48+00:00\",\"description\":\"si vous avez des questions sur la culture domestique avec une growbox, contactez simplement notre \u00e9quipe Hazelbox \u00e0 tout moment\",\"breadcrumb\":{\"@id\":\"https:\/\/www.hazelbox.com\/fr\/contact\/#breadcrumb\"},\"inLanguage\":\"fr-FR\",\"potentialAction\":[{\"@type\":\"ReadAction\",\"target\":[\"https:\/\/www.hazelbox.com\/fr\/contact\/\"]}]},{\"@type\":\"BreadcrumbList\",\"@id\":\"https:\/\/www.hazelbox.com\/fr\/contact\/#breadcrumb\",\"itemListElement\":[{\"@type\":\"ListItem\",\"position\":1,\"name\":\"Startseite\",\"item\":\"https:\/\/www.hazelbox.com\/fr\/\"},{\"@type\":\"ListItem\",\"position\":2,\"name\":\"Contact\"}]},{\"@type\":\"WebSite\",\"@id\":\"https:\/\/www.hazelbox.com\/en\/#website\",\"url\":\"https:\/\/www.hazelbox.com\/en\/\",\"name\":\"Hazelbox - Die Growbox aus Metall\",\"description\":\"Neues von unserer Growbox aus Stahl\",\"publisher\":{\"@id\":\"https:\/\/www.hazelbox.com\/en\/#organization\"},\"potentialAction\":[{\"@type\":\"SearchAction\",\"target\":{\"@type\":\"EntryPoint\",\"urlTemplate\":\"https:\/\/www.hazelbox.com\/en\/?s={search_term_string}\"},\"query-input\":{\"@type\":\"PropertyValueSpecification\",\"valueRequired\":true,\"valueName\":\"search_term_string\"}}],\"inLanguage\":\"fr-FR\"},{\"@type\":\"Organization\",\"@id\":\"https:\/\/www.hazelbox.com\/en\/#organization\",\"name\":\"Hazelbox - Die Growbox aus Metall\",\"url\":\"https:\/\/www.hazelbox.com\/en\/\",\"logo\":{\"@type\":\"ImageObject\",\"inLanguage\":\"fr-FR\",\"@id\":\"https:\/\/www.hazelbox.com\/en\/#\/schema\/logo\/image\/\",\"url\":\"https:\/\/www.hazelbox.com\/wp-content\/uploads\/2021\/02\/hazelbox-favicon_Zeichenfla\u0308che-1.svg\",\"contentUrl\":\"https:\/\/www.hazelbox.com\/wp-content\/uploads\/2021\/02\/hazelbox-favicon_Zeichenfla\u0308che-1.svg\",\"width\":\"1024\",\"height\":\"1024\",\"caption\":\"Hazelbox - Die Growbox aus Metall\"},\"image\":{\"@id\":\"https:\/\/www.hazelbox.com\/en\/#\/schema\/logo\/image\/\"},\"sameAs\":[\"https:\/\/www.facebook.com\/hazelbox\/\",\"https:\/\/x.com\/HazelboxGrowbox\",\"https:\/\/www.instagram.com\/hazelbox.growbox\/\",\"https:\/\/www.youtube.com\/@HazelboxVideo\"]}]}<\/script>\n<!-- \/ Yoast SEO Premium plugin. -->","yoast_head_json":{"title":"Contact - Hazelbox - Die Growbox aus Metall","description":"si vous avez des questions sur la culture domestique avec une growbox, contactez simplement notre \u00e9quipe Hazelbox \u00e0 tout moment","robots":{"index":"index","follow":"follow","max-snippet":"max-snippet:-1","max-image-preview":"max-image-preview:large","max-video-preview":"max-video-preview:-1"},"canonical":"https:\/\/www.hazelbox.com\/fr\/contact\/","og_locale":"fr_FR","og_type":"article","og_title":"Contact","og_description":"si vous avez des questions sur la culture domestique avec une growbox, contactez simplement notre \u00e9quipe Hazelbox \u00e0 tout moment","og_url":"https:\/\/www.hazelbox.com\/fr\/contact\/","og_site_name":"Hazelbox - Die Growbox aus Metall","article_publisher":"https:\/\/www.facebook.com\/hazelbox\/","article_modified_time":"2022-12-14T14:29:48+00:00","twitter_card":"summary_large_image","twitter_site":"@HazelboxGrowbox","twitter_misc":{"Dur\u00e9e de lecture estim\u00e9e":"1 minute"},"schema":{"@context":"https:\/\/schema.org","@graph":[{"@type":"WebPage","@id":"https:\/\/www.hazelbox.com\/fr\/contact\/","url":"https:\/\/www.hazelbox.com\/fr\/contact\/","name":"Contact - Hazelbox - Die Growbox aus Metall","isPartOf":{"@id":"https:\/\/www.hazelbox.com\/en\/#website"},"datePublished":"2018-04-05T08:59:44+00:00","dateModified":"2022-12-14T14:29:48+00:00","description":"si vous avez des questions sur la culture domestique avec une growbox, contactez simplement notre \u00e9quipe Hazelbox \u00e0 tout moment","breadcrumb":{"@id":"https:\/\/www.hazelbox.com\/fr\/contact\/#breadcrumb"},"inLanguage":"fr-FR","potentialAction":[{"@type":"ReadAction","target":["https:\/\/www.hazelbox.com\/fr\/contact\/"]}]},{"@type":"BreadcrumbList","@id":"https:\/\/www.hazelbox.com\/fr\/contact\/#breadcrumb","itemListElement":[{"@type":"ListItem","position":1,"name":"Startseite","item":"https:\/\/www.hazelbox.com\/fr\/"},{"@type":"ListItem","position":2,"name":"Contact"}]},{"@type":"WebSite","@id":"https:\/\/www.hazelbox.com\/en\/#website","url":"https:\/\/www.hazelbox.com\/en\/","name":"Hazelbox - Die Growbox aus Metall","description":"Neues von unserer Growbox aus Stahl","publisher":{"@id":"https:\/\/www.hazelbox.com\/en\/#organization"},"potentialAction":[{"@type":"SearchAction","target":{"@type":"EntryPoint","urlTemplate":"https:\/\/www.hazelbox.com\/en\/?s={search_term_string}"},"query-input":{"@type":"PropertyValueSpecification","valueRequired":true,"valueName":"search_term_string"}}],"inLanguage":"fr-FR"},{"@type":"Organization","@id":"https:\/\/www.hazelbox.com\/en\/#organization","name":"Hazelbox - Die Growbox aus Metall","url":"https:\/\/www.hazelbox.com\/en\/","logo":{"@type":"ImageObject","inLanguage":"fr-FR","@id":"https:\/\/www.hazelbox.com\/en\/#\/schema\/logo\/image\/","url":"https:\/\/www.hazelbox.com\/wp-content\/uploads\/2021\/02\/hazelbox-favicon_Zeichenfla\u0308che-1.svg","contentUrl":"https:\/\/www.hazelbox.com\/wp-content\/uploads\/2021\/02\/hazelbox-favicon_Zeichenfla\u0308che-1.svg","width":"1024","height":"1024","caption":"Hazelbox - Die Growbox aus Metall"},"image":{"@id":"https:\/\/www.hazelbox.com\/en\/#\/schema\/logo\/image\/"},"sameAs":["https:\/\/www.facebook.com\/hazelbox\/","https:\/\/x.com\/HazelboxGrowbox","https:\/\/www.instagram.com\/hazelbox.growbox\/","https:\/\/www.youtube.com\/@HazelboxVideo"]}]}},"_links":{"self":[{"href":"https:\/\/www.hazelbox.com\/fr\/wp-json\/wp\/v2\/pages\/1303","targetHints":{"allow":["GET"]}}],"collection":[{"href":"https:\/\/www.hazelbox.com\/fr\/wp-json\/wp\/v2\/pages"}],"about":[{"href":"https:\/\/www.hazelbox.com\/fr\/wp-json\/wp\/v2\/types\/page"}],"author":[{"embeddable":true,"href":"https:\/\/www.hazelbox.com\/fr\/wp-json\/wp\/v2\/users\/1"}],"replies":[{"embeddable":true,"href":"https:\/\/www.hazelbox.com\/fr\/wp-json\/wp\/v2\/comments?post=1303"}],"version-history":[{"count":0,"href":"https:\/\/www.hazelbox.com\/fr\/wp-json\/wp\/v2\/pages\/1303\/revisions"}],"wp:attachment":[{"href":"https:\/\/www.hazelbox.com\/fr\/wp-json\/wp\/v2\/media?parent=1303"}],"curies":[{"name":"wp","href":"https:\/\/api.w.org\/{rel}","templated":true}]}}