{"id":481,"date":"2017-11-23T00:29:42","date_gmt":"2017-11-23T00:29:42","guid":{"rendered":"https:\/\/www.hazelbox.com\/hz-cms\/?page_id=481"},"modified":"2025-02-03T15:59:02","modified_gmt":"2025-02-03T14:59:02","slug":"faq","status":"publish","type":"page","link":"https:\/\/www.hazelbox.com\/de\/faq\/","title":{"rendered":"FAQ"},"content":{"rendered":"\n<p>Hier findest du die FAQ zur unserer Hazelbox\u00ae Growbox. Im Video werden viele Fragen beantwortet. Au\u00dferdem unten im Text noch ein paar h\u00e4ufig gestellte Fragen. Wenn deine Frage nicht dabei war. Melde dich einfach bei <a href=\"https:\/\/www.hazelbox.com\/de\/kontakt\/\" target=\"_blank\" rel=\"noreferrer noopener\">unserem Team.<\/a><\/p>\n\n\n\n<figure class=\"wp-block-embed is-type-video is-provider-youtube wp-block-embed-youtube wp-embed-aspect-16-9 wp-has-aspect-ratio\"><div class=\"wp-block-embed__wrapper\">\n<iframe hcb-fetch-image-from=\"https:\/\/www.youtube.com\/watch?v=iwWP1PXEnlY&amp;feature=emb_title\" title=\"Homegrow mit der Hazelbox DIE 10 H\u00c4UFIGSTEN FRAGEN\" width=\"980\" height=\"551\" src=\"https:\/\/www.youtube.com\/embed\/iwWP1PXEnlY?feature=oembed&#038;enablejsapi=1&#038;origin=https:\/\/www.hazelbox.com\" frameborder=\"0\" allow=\"accelerometer; autoplay; clipboard-write; encrypted-media; gyroscope; picture-in-picture; web-share\" referrerpolicy=\"strict-origin-when-cross-origin\" allowfullscreen><\/iframe>\n<\/div><\/figure>\n\n\n<div class=\"row hzl-box hzl-fullWidth\">\n<div class=\"small-10 small-centered medium-8 columns\">\n<h1>FAQ<\/h1>\n<h3>Ist die Bestellung in eurem Shop sicher?<\/h3>\n<p>Ja, unsere Seite ist SSL-Verschl\u00fcsselt. Keiner kann mitlesen, oder erfahren, dass du auf unserer Seite warst. \u00a0Deine Kundendaten werden nach Abschluss der Bestellung gel\u00f6scht. Das hei\u00dft keine Beh\u00f6rde, zum Beispiel das Finanzamt, erf\u00e4hrt von deiner Transaktion. Als sicherste Zahlungsmethode empfehlen wir PayPal. Diese Firma sitzt in den USA und sch\u00fctzt Kundendaten optimal. Der Versand wird unauff\u00e4llig und diskret \u00fcber eine M\u00f6belspedition abgewickelt. Dein gesamter Datenverkehr mit uns wird gel\u00f6scht. F\u00fcr Garantiezwecke bekommst du eine Chiffrenummer.\u00a0<\/p>\n<h3>Ist die Hazelbox geeignet, um Pflanzen mit hohem Energiebedarf zu z\u00fcchten?<\/h3>\n<p>Ja, die Hazelbox ist extra konzipiert um Pflanzen mit hohen Energiebedarf zu z\u00fcchten. Beispielsweise Tomaten wachsen nur mit viel Sonneneinstrahlung und warmen Temperaturen. Unsere Growbox simuliert diese Bedingungen optimal und f\u00fchrt zu einer ertragreichen Ernte.<\/p>\n<h3>F\u00fcr wen eignet sich die Hazelbox am Besten?<\/h3>\n<p>F\u00fcr alle die, die eine unauff\u00e4llige Growbox suchen, die sich abschlie\u00dfen l\u00e4sst und auch in Wohn- und Schlafr\u00e4umen genutzt werden kann. Vor allem Anf\u00e4nger und Fortgeschrittene Homegrower, sollen besonders einfach den Einstieg ins Growing finden. Unsere Hazelbox ist mit den hochwertigsten Komponenten einer Growbox best\u00fcckt, solide verarbeitet und f\u00fcr eine ertragreiche Ernte optimiert.\u00a0<\/p>\n<h3>Habe ich Garantie auf eure Produkte?<\/h3>\n<p>Du hast eine 1- j\u00e4hrige Garantie auf die Hazelbeam3. Sollte nach Ablauf der Garantie ein technisches Problem auftauchen, kannst du auch einzelne Teile der Hazelbeam2 tauschen lassen. So kann die Hazelbeam3 nachhaltig genutzt werden.<\/p>\n<h3>Wie wird die Hazelbox geliefert?<\/h3>\n<p>Wir senden dir unsere Hazelbox per M\u00f6belspedition auf Europalette. Die Hazelbeam3 befindet sich in der Box. Die Sendung ist neutral verpackt.<\/p>\n<h3>Kann ich die Hazelbox auch abholen?<\/h3>\n<p>Du kannst die Hazelbox nach Vereinbarung in unserem Lager in Hallbergmoos am M\u00fcnchner Flughafen abholen.<\/p>\n<h3>Gibt es die Hazelbox auch in verschiedenen OnlineShops oder in einem Growshop in meiner N\u00e4he?<\/h3>\n<p>Wir bauen unser H\u00e4ndler- und Partnernetz 2025 deutlich aus.Unter Stores findest du unsere aktuellen Partner. Wir hoffen auch bald in einem <a href=\"https:\/\/de.wikipedia.org\/wiki\/Growshop\">Growshop<\/a> in deiner N\u00e4he zu sein. Falls keine der FAQ Growbox deine Frage beantworten konnte, schau doch mal hier:<\/p>\n<h3>FAQ Growbox Wie erreiche ich euch am Besten?<\/h3>\n<p>Schreibe einfach eine E-Mail mit deinen Fragen an unser Service Team service@hazelbox.com . Wir freuen uns auf deine Anfrage zu unserer Growbox. Gern k\u00f6nnen wir auch einen Telefontermin vereinbaren.<\/p>\n<\/div>\n<\/div>\n\n\n<figure class=\"wp-block-embed is-type-video is-provider-youtube wp-block-embed-youtube wp-embed-aspect-16-9 wp-has-aspect-ratio\"><div class=\"wp-block-embed__wrapper\">\n<iframe hcb-fetch-image-from=\"https:\/\/www.youtube.com\/watch?v=EBWYl95S31o\" title=\"Hazelbox Growbox h\u00e4ufige Fragen zum Thema Abluft, L\u00fcfter, Geruch, Filter und Lautst\u00e4rke erkl\u00e4rt\" width=\"980\" height=\"551\" src=\"https:\/\/www.youtube.com\/embed\/EBWYl95S31o?feature=oembed&#038;enablejsapi=1&#038;origin=https:\/\/www.hazelbox.com\" frameborder=\"0\" allow=\"accelerometer; autoplay; clipboard-write; encrypted-media; gyroscope; picture-in-picture; web-share\" referrerpolicy=\"strict-origin-when-cross-origin\" allowfullscreen><\/iframe>\n<\/div><\/figure>\n\n\n\n<figure class=\"wp-block-embed is-type-video is-provider-youtube wp-block-embed-youtube wp-embed-aspect-16-9 wp-has-aspect-ratio\"><div class=\"wp-block-embed__wrapper\">\n<iframe hcb-fetch-image-from=\"https:\/\/www.youtube.com\/watch?v=35uf4kBWZKg\" title=\"Hazelbox Growbox Lieferung und Versand so kommt das Growset zu dir nach Hause\" width=\"980\" height=\"551\" src=\"https:\/\/www.youtube.com\/embed\/35uf4kBWZKg?feature=oembed&#038;enablejsapi=1&#038;origin=https:\/\/www.hazelbox.com\" frameborder=\"0\" allow=\"accelerometer; autoplay; clipboard-write; encrypted-media; gyroscope; picture-in-picture; web-share\" referrerpolicy=\"strict-origin-when-cross-origin\" allowfullscreen><\/iframe>\n<\/div><\/figure>\n","protected":false},"excerpt":{"rendered":"<p>Hier findest du die FAQ zur unserer Hazelbox\u00ae Growbox. Im Video werden viele Fragen beantwortet. Au\u00dferdem unten im Text noch ein paar h\u00e4ufig gestellte Fragen. Wenn deine Frage nicht dabei war. Melde dich einfach bei unserem Team. FAQ Ist die Bestellung in eurem Shop sicher? Ja, unsere Seite ist SSL-Verschl\u00fcsselt. Keiner kann mitlesen, oder erfahren, [&hellip;]<\/p>\n","protected":false},"author":1,"featured_media":0,"parent":0,"menu_order":0,"comment_status":"closed","ping_status":"closed","template":"","meta":{"_acf_changed":false,"inline_featured_image":false,"footnotes":""},"class_list":["post-481","page","type-page","status-publish","hentry"],"acf":[],"yoast_head":"<!-- This site is optimized with the Yoast SEO Premium plugin v24.6 (Yoast SEO v25.4) - https:\/\/yoast.com\/wordpress\/plugins\/seo\/ -->\n<title>FAQ - Hazelbox - Die Growbox aus Metall<\/title>\n<meta name=\"description\" content=\"FAQ zur Hazelbox Growbox. Anleitung zur Growbox aus Metall. Sichere Bestellung deiner Growbox bei hazelbox.com Die Growbox Zuhause\" \/>\n<meta name=\"robots\" content=\"index, follow, max-snippet:-1, max-image-preview:large, max-video-preview:-1\" \/>\n<link rel=\"canonical\" href=\"https:\/\/www.hazelbox.com\/de\/faq\/\" \/>\n<meta property=\"og:locale\" content=\"de_DE\" \/>\n<meta property=\"og:type\" content=\"article\" \/>\n<meta property=\"og:title\" content=\"FAQ\" \/>\n<meta property=\"og:description\" content=\"FAQ zur Hazelbox Growbox. Anleitung zur Growbox aus Metall. Sichere Bestellung deiner Growbox bei hazelbox.com Die Growbox Zuhause\" \/>\n<meta property=\"og:url\" content=\"https:\/\/www.hazelbox.com\/de\/faq\/\" \/>\n<meta property=\"og:site_name\" content=\"Hazelbox - Die Growbox aus Metall\" \/>\n<meta property=\"article:publisher\" content=\"https:\/\/www.facebook.com\/hazelbox\/\" \/>\n<meta property=\"article:modified_time\" content=\"2025-02-03T14:59:02+00:00\" \/>\n<meta name=\"twitter:card\" content=\"summary_large_image\" \/>\n<meta name=\"twitter:site\" content=\"@HazelboxGrowbox\" \/>\n<meta name=\"twitter:label1\" content=\"Gesch\u00e4tzte Lesezeit\" \/>\n\t<meta name=\"twitter:data1\" content=\"3\u00a0Minuten\" \/>\n<script type=\"application\/ld+json\" class=\"yoast-schema-graph\">{\"@context\":\"https:\/\/schema.org\",\"@graph\":[{\"@type\":\"WebPage\",\"@id\":\"https:\/\/www.hazelbox.com\/de\/faq\/\",\"url\":\"https:\/\/www.hazelbox.com\/de\/faq\/\",\"name\":\"FAQ - Hazelbox - Die Growbox aus Metall\",\"isPartOf\":{\"@id\":\"https:\/\/www.hazelbox.com\/en\/#website\"},\"datePublished\":\"2017-11-23T00:29:42+00:00\",\"dateModified\":\"2025-02-03T14:59:02+00:00\",\"description\":\"FAQ zur Hazelbox Growbox. Anleitung zur Growbox aus Metall. Sichere Bestellung deiner Growbox bei hazelbox.com Die Growbox Zuhause\",\"breadcrumb\":{\"@id\":\"https:\/\/www.hazelbox.com\/de\/faq\/#breadcrumb\"},\"inLanguage\":\"de\",\"potentialAction\":[{\"@type\":\"ReadAction\",\"target\":[\"https:\/\/www.hazelbox.com\/de\/faq\/\"]}]},{\"@type\":\"BreadcrumbList\",\"@id\":\"https:\/\/www.hazelbox.com\/de\/faq\/#breadcrumb\",\"itemListElement\":[{\"@type\":\"ListItem\",\"position\":1,\"name\":\"Startseite\",\"item\":\"https:\/\/www.hazelbox.com\/de\/\"},{\"@type\":\"ListItem\",\"position\":2,\"name\":\"FAQ\"}]},{\"@type\":\"WebSite\",\"@id\":\"https:\/\/www.hazelbox.com\/en\/#website\",\"url\":\"https:\/\/www.hazelbox.com\/en\/\",\"name\":\"Hazelbox - Die Growbox aus Metall\",\"description\":\"Neues von unserer Growbox aus Stahl\",\"publisher\":{\"@id\":\"https:\/\/www.hazelbox.com\/en\/#organization\"},\"potentialAction\":[{\"@type\":\"SearchAction\",\"target\":{\"@type\":\"EntryPoint\",\"urlTemplate\":\"https:\/\/www.hazelbox.com\/en\/?s={search_term_string}\"},\"query-input\":{\"@type\":\"PropertyValueSpecification\",\"valueRequired\":true,\"valueName\":\"search_term_string\"}}],\"inLanguage\":\"de\"},{\"@type\":\"Organization\",\"@id\":\"https:\/\/www.hazelbox.com\/en\/#organization\",\"name\":\"Hazelbox - Die Growbox aus Metall\",\"url\":\"https:\/\/www.hazelbox.com\/en\/\",\"logo\":{\"@type\":\"ImageObject\",\"inLanguage\":\"de\",\"@id\":\"https:\/\/www.hazelbox.com\/en\/#\/schema\/logo\/image\/\",\"url\":\"https:\/\/www.hazelbox.com\/wp-content\/uploads\/2021\/02\/hazelbox-favicon_Zeichenfla\u0308che-1.svg\",\"contentUrl\":\"https:\/\/www.hazelbox.com\/wp-content\/uploads\/2021\/02\/hazelbox-favicon_Zeichenfla\u0308che-1.svg\",\"width\":\"1024\",\"height\":\"1024\",\"caption\":\"Hazelbox - Die Growbox aus Metall\"},\"image\":{\"@id\":\"https:\/\/www.hazelbox.com\/en\/#\/schema\/logo\/image\/\"},\"sameAs\":[\"https:\/\/www.facebook.com\/hazelbox\/\",\"https:\/\/x.com\/HazelboxGrowbox\",\"https:\/\/www.instagram.com\/hazelbox.growbox\/\",\"https:\/\/www.youtube.com\/@HazelboxVideo\"]}]}<\/script>\n<!-- \/ Yoast SEO Premium plugin. -->","yoast_head_json":{"title":"FAQ - Hazelbox - Die Growbox aus Metall","description":"FAQ zur Hazelbox Growbox. Anleitung zur Growbox aus Metall. Sichere Bestellung deiner Growbox bei hazelbox.com Die Growbox Zuhause","robots":{"index":"index","follow":"follow","max-snippet":"max-snippet:-1","max-image-preview":"max-image-preview:large","max-video-preview":"max-video-preview:-1"},"canonical":"https:\/\/www.hazelbox.com\/de\/faq\/","og_locale":"de_DE","og_type":"article","og_title":"FAQ","og_description":"FAQ zur Hazelbox Growbox. Anleitung zur Growbox aus Metall. Sichere Bestellung deiner Growbox bei hazelbox.com Die Growbox Zuhause","og_url":"https:\/\/www.hazelbox.com\/de\/faq\/","og_site_name":"Hazelbox - Die Growbox aus Metall","article_publisher":"https:\/\/www.facebook.com\/hazelbox\/","article_modified_time":"2025-02-03T14:59:02+00:00","twitter_card":"summary_large_image","twitter_site":"@HazelboxGrowbox","twitter_misc":{"Gesch\u00e4tzte Lesezeit":"3\u00a0Minuten"},"schema":{"@context":"https:\/\/schema.org","@graph":[{"@type":"WebPage","@id":"https:\/\/www.hazelbox.com\/de\/faq\/","url":"https:\/\/www.hazelbox.com\/de\/faq\/","name":"FAQ - Hazelbox - Die Growbox aus Metall","isPartOf":{"@id":"https:\/\/www.hazelbox.com\/en\/#website"},"datePublished":"2017-11-23T00:29:42+00:00","dateModified":"2025-02-03T14:59:02+00:00","description":"FAQ zur Hazelbox Growbox. Anleitung zur Growbox aus Metall. Sichere Bestellung deiner Growbox bei hazelbox.com Die Growbox Zuhause","breadcrumb":{"@id":"https:\/\/www.hazelbox.com\/de\/faq\/#breadcrumb"},"inLanguage":"de","potentialAction":[{"@type":"ReadAction","target":["https:\/\/www.hazelbox.com\/de\/faq\/"]}]},{"@type":"BreadcrumbList","@id":"https:\/\/www.hazelbox.com\/de\/faq\/#breadcrumb","itemListElement":[{"@type":"ListItem","position":1,"name":"Startseite","item":"https:\/\/www.hazelbox.com\/de\/"},{"@type":"ListItem","position":2,"name":"FAQ"}]},{"@type":"WebSite","@id":"https:\/\/www.hazelbox.com\/en\/#website","url":"https:\/\/www.hazelbox.com\/en\/","name":"Hazelbox - Die Growbox aus Metall","description":"Neues von unserer Growbox aus Stahl","publisher":{"@id":"https:\/\/www.hazelbox.com\/en\/#organization"},"potentialAction":[{"@type":"SearchAction","target":{"@type":"EntryPoint","urlTemplate":"https:\/\/www.hazelbox.com\/en\/?s={search_term_string}"},"query-input":{"@type":"PropertyValueSpecification","valueRequired":true,"valueName":"search_term_string"}}],"inLanguage":"de"},{"@type":"Organization","@id":"https:\/\/www.hazelbox.com\/en\/#organization","name":"Hazelbox - Die Growbox aus Metall","url":"https:\/\/www.hazelbox.com\/en\/","logo":{"@type":"ImageObject","inLanguage":"de","@id":"https:\/\/www.hazelbox.com\/en\/#\/schema\/logo\/image\/","url":"https:\/\/www.hazelbox.com\/wp-content\/uploads\/2021\/02\/hazelbox-favicon_Zeichenfla\u0308che-1.svg","contentUrl":"https:\/\/www.hazelbox.com\/wp-content\/uploads\/2021\/02\/hazelbox-favicon_Zeichenfla\u0308che-1.svg","width":"1024","height":"1024","caption":"Hazelbox - Die Growbox aus Metall"},"image":{"@id":"https:\/\/www.hazelbox.com\/en\/#\/schema\/logo\/image\/"},"sameAs":["https:\/\/www.facebook.com\/hazelbox\/","https:\/\/x.com\/HazelboxGrowbox","https:\/\/www.instagram.com\/hazelbox.growbox\/","https:\/\/www.youtube.com\/@HazelboxVideo"]}]}},"_links":{"self":[{"href":"https:\/\/www.hazelbox.com\/de\/wp-json\/wp\/v2\/pages\/481","targetHints":{"allow":["GET"]}}],"collection":[{"href":"https:\/\/www.hazelbox.com\/de\/wp-json\/wp\/v2\/pages"}],"about":[{"href":"https:\/\/www.hazelbox.com\/de\/wp-json\/wp\/v2\/types\/page"}],"author":[{"embeddable":true,"href":"https:\/\/www.hazelbox.com\/de\/wp-json\/wp\/v2\/users\/1"}],"replies":[{"embeddable":true,"href":"https:\/\/www.hazelbox.com\/de\/wp-json\/wp\/v2\/comments?post=481"}],"version-history":[{"count":1,"href":"https:\/\/www.hazelbox.com\/de\/wp-json\/wp\/v2\/pages\/481\/revisions"}],"predecessor-version":[{"id":23627,"href":"https:\/\/www.hazelbox.com\/de\/wp-json\/wp\/v2\/pages\/481\/revisions\/23627"}],"wp:attachment":[{"href":"https:\/\/www.hazelbox.com\/de\/wp-json\/wp\/v2\/media?parent=481"}],"curies":[{"name":"wp","href":"https:\/\/api.w.org\/{rel}","templated":true}]}}