{"id":267,"date":"2017-11-13T19:05:03","date_gmt":"2017-11-13T19:05:03","guid":{"rendered":"https:\/\/www.hazelbox.com\/hz-cms\/?page_id=267"},"modified":"2025-09-05T11:59:05","modified_gmt":"2025-09-05T10:59:05","slug":"impressum","status":"publish","type":"page","link":"https:\/\/www.hazelbox.com\/de\/impressum\/","title":{"rendered":"Impressum"},"content":{"rendered":"<div class=\"row hzl-box hzl-fullWidth\">\n<p><!-- Zweiter Text --><\/p>\n<div class=\"small-10 small-centered medium-8 columns\">\n<h1>Impressum<\/h1>\n<p class=\"text-left hzl-text hzl-light\">M\u00f6\u00f6x GmbH,<br \/>\nKapuzinerstra\u00dfe 25b,<br \/>\n80337 M\u00fcnchen<\/p>\n<p>Gesch\u00e4ftsf\u00fchrer:<br \/>\nPhilipp Frost,<br \/>\nAmtsgericht M\u00fcnchen, HRB: 216988,<br \/>\nUst.\u2010IDNr.: DE815556673,<br \/>\nTelefon 089 96118581<br \/>\nEmail: <a href=\"mailto:service@hazelbox.com\">service@hazelbox.com<\/a><\/p>\n<h3>Rechtlicher Hinweis<\/h3>\n<p class=\"text-left hzl-text hzl-light\">Alle Inhalte dieser Seite, insbesondere Texte, Bilder und Audiodateien, sind urheberrechtlich gesch\u00fctzt und d\u00fcrfen nicht ohne ausdr\u00fcckliche, vorherige Genehmigung anderweitig genutzt werden.<\/p>\n<h1>Haftungsauschluss<\/h1>\n<h3>1. Inhalt des Onlineangebotes<\/h3>\n<p class=\"text-left hzl-text hzl-light\">Die Website von hazelbox.com stellt Kunden und Besuchern vielf\u00e4ltige Informationen zur Verf\u00fcgung. Der Betreiber \u00fcbernimmt keinerlei Gew\u00e4hr f\u00fcr die Aktualit\u00e4t, Korrektheit, Vollst\u00e4ndigkeit oder Qualit\u00e4t der bereitgestellten Informationen. Haftungsanspr\u00fcche gegen den Betreiber, welche sich auf Sch\u00e4den materieller oder ideeller Art beziehen, die durch die Nutzung oder Nichtnutzung der dargebotenen Informationen bzw. durch die Nutzung fehlerhafter und unvollst\u00e4ndiger Informationen verursacht wurden, sind grunds\u00e4tzlich ausgeschlossen, sofern seitens des Betreibers kein nachweislich vors\u00e4tzliches oder grob fahrl\u00e4ssiges Verschulden vorliegt.<\/p>\n<h3>2. Verweise und Links<\/h3>\n<p class=\"text-left hzl-text hzl-light\">Bei direkten oder indirekten Verweisen auf fremde Webseiten (&#8222;Hyperlinks&#8220;), die au\u00dferhalb des Verantwortungsbereiches des Websitebetreibers liegen, w\u00fcrde eine Haftungsverpflichtung ausschlie\u00dflich in dem Fall in Kraft treten, in dem der Betreiber von den Inhalten Kenntnis hat und es ihm technisch m\u00f6glich und zumutbar w\u00e4re, die Nutzung im Falle rechtswidriger Inhalte zu verhindern.<br \/>\nDer Websitebetreiber erkl\u00e4rt hiermit ausdr\u00fccklich, dass zum Zeitpunkt der Linksetzung keine illegalen Inhalte auf den zu verlinkenden Seiten erkennbar waren. Auf die aktuelle und zuk\u00fcnftige Gestaltung, die Inhalte oder die Urheberschaft der verlinkten\/verkn\u00fcpften Seiten hat der Betreiber keinerlei Einfluss. Deshalb distanziert er sich hiermit ausdr\u00fccklich von allen Inhalten aller verlinkten \/ verkn\u00fcpften Seiten, die nach der Linksetzung ver\u00e4ndert wurden.<\/p>\n<h3>3. Urheber- und Kennzeichenrecht<\/h3>\n<p class=\"text-left hzl-text hzl-light\">Alle innerhalb des Internetangebotes genannten und ggf. durch Dritte gesch\u00fctzten Marken- und Warenzeichen unterliegen uneingeschr\u00e4nkt den Bestimmungen des jeweils g\u00fcltigen Kennzeichenrechts und den Besitzrechten der jeweiligen eingetragenen Eigent\u00fcmer. Allein aufgrund der blo\u00dfen Nennung ist nicht der Schluss zu ziehen, dass Markenzeichen nicht durch Rechte Dritter gesch\u00fctzt sind!<br \/>\nDas Copyright f\u00fcr ver\u00f6ffentlichte, vom Websitebetreiber selbst erstellte Objekte bleibt allein beim Autor der Seiten. Eine Vervielf\u00e4ltigung oder Verwendung solcher Grafiken, Tondokumente, Videosequenzen und Texte in anderen elektronischen oder gedruckten Publikationen ist ohne ausdr\u00fcckliche Zustimmung durch radioreise.de nicht gestattet.<\/p>\n<h3>4. Datenschutz<\/h3>\n<p class=\"text-left hzl-text hzl-light\">Sofern innerhalb des Internetangebotes die M\u00f6glichkeit zur Eingabe pers\u00f6nlicher oder gesch\u00e4ftlicher Daten (Emailadressen, Namen, Anschriften) besteht, so erfolgt die Preisgabe dieser Daten seitens des Nutzers auf ausdr\u00fccklich freiwilliger Basis. Die Nutzung der im Rahmen des Impressums oder vergleichbarer Angaben ver\u00f6ffentlichten Kontaktdaten wie Postanschriften, Telefon- und Faxnummern sowie Emailadressen durch Dritte zur \u00dcbersendung von nicht ausdr\u00fccklich angeforderten Informationen ist nicht gestattet. Rechtliche Schritte gegen die Versender von sogenannten Spam-Mails bei Verst\u00f6ssen gegen dieses Verbot sind ausdr\u00fccklich vorbehalten.<\/p>\n<p class=\"text-left hzl-text hzl-light\">Beim Zugriff auf die allgemeinen Informationen des Webauftrittes werden Informationen \u00fcber Nutzerzugriffe zu statistischen Zwecken anonymisiert in Protokolldateien gespeichert. Erfasst werden dabei nur die Tatsache des Zugriffs und das aufgerufene Dokument. Ein Bezug zur Person des Nutzers ist auf jeden Fall ausgeschlossen. Es werden keine Einzelnutzerprofile erstellt, auch nicht pseudonymisiert.<\/p>\n<h3>5. Rechtswirksamkeit dieses Haftungsausschlusses<\/h3>\n<p class=\"text-left hzl-text hzl-light\">Dieser Haftungsausschluss ist als Teil des Internetangebotes zu betrachten, von dem aus auf diese Seite verwiesen wurde. Sofern Teile oder einzelne Formulierungen dieses Textes der geltenden Rechtslage nicht, nicht mehr oder nicht vollst\u00e4ndig entsprechen sollten, bleiben die \u00fcbrigen Teile des Dokumentes in ihrem Inhalt und ihrer G\u00fcltigkeit davon unber\u00fchrt.<\/p>\n<p class=\"text-left hzl-text hzl-light\">Diese Seite wird betrieben von<br \/>\nM\u00f6\u00f6x GmbH<br \/>\nKapuzinerstra\u00dfe 25b,<br \/>\n80337 M\u00fcnchen<\/p>\n<p>tel: <a href=\"tel:+498996118581\">089 9611 8581<\/a><\/p>\n<p>em@il: service@hazelbox.com<\/p>\n<h4>INFORMATIONEN NACH \u00a7 36 VSBG:<\/h4>\n<p>Zur Teilnahme an Streitbeilegungsverfahren vor Verbraucherschlichtungsstellen sind wir weder verpflichtet noch bereit.<\/p>\n<h3>SOCIAL MEDIA PR\u00c4SENZEN:<\/h3>\n<p>Dieses Impressum gilt auch f\u00fcr unseren <a href=\"https:\/\/www.youtube.com\/@HazelboxVideo\">Youtube-Channel,<\/a> <a href=\"https:\/\/www.facebook.com\/hazelbox\">Facebook<\/a>, <a href=\"https:\/\/www.instagram.com\/hazelbox.growbox\/\">Instagram,<\/a> <a href=\"https:\/\/twitter.com\/HazelboxGrowbox\">Twitter<\/a><\/p>\n<\/div>\n<\/div>\n","protected":false},"excerpt":{"rendered":"<p>Impressum M\u00f6\u00f6x GmbH, Kapuzinerstra\u00dfe 25b, 80337 M\u00fcnchen Gesch\u00e4ftsf\u00fchrer: Philipp Frost, Amtsgericht M\u00fcnchen, HRB: 216988, Ust.\u2010IDNr.: DE815556673, Telefon 089 96118581 Email: service@hazelbox.com Rechtlicher Hinweis Alle Inhalte dieser Seite, insbesondere Texte, Bilder und Audiodateien, sind urheberrechtlich gesch\u00fctzt und d\u00fcrfen nicht ohne ausdr\u00fcckliche, vorherige Genehmigung anderweitig genutzt werden. Haftungsauschluss 1. Inhalt des Onlineangebotes Die Website von hazelbox.com stellt [&hellip;]<\/p>\n","protected":false},"author":1,"featured_media":0,"parent":0,"menu_order":0,"comment_status":"closed","ping_status":"closed","template":"template-fullwidth.php","meta":{"_acf_changed":false,"inline_featured_image":false,"footnotes":""},"class_list":["post-267","page","type-page","status-publish","hentry"],"acf":[],"yoast_head":"<!-- This site is optimized with the Yoast SEO Premium plugin v24.6 (Yoast SEO v25.4) - https:\/\/yoast.com\/wordpress\/plugins\/seo\/ -->\n<title>Impressum - Hazelbox - Die Growbox aus Metall<\/title>\n<meta name=\"description\" content=\"Hier findest du das Impressum der Firma M\u00f6\u00f6x GmbH,Kapuzinerstra\u00dfe 25b,80337 M\u00fcnchen. Wir stellen die Hazelbox Growbox her\" \/>\n<meta name=\"robots\" content=\"index, follow, max-snippet:-1, max-image-preview:large, max-video-preview:-1\" \/>\n<link rel=\"canonical\" href=\"https:\/\/www.hazelbox.com\/de\/impressum\/\" \/>\n<meta property=\"og:locale\" content=\"de_DE\" \/>\n<meta property=\"og:type\" content=\"article\" \/>\n<meta property=\"og:title\" content=\"Impressum\" \/>\n<meta property=\"og:description\" content=\"Hier findest du das Impressum der Firma M\u00f6\u00f6x GmbH,Kapuzinerstra\u00dfe 25b,80337 M\u00fcnchen. Wir stellen die Hazelbox Growbox her\" \/>\n<meta property=\"og:url\" content=\"https:\/\/www.hazelbox.com\/de\/impressum\/\" \/>\n<meta property=\"og:site_name\" content=\"Hazelbox - Die Growbox aus Metall\" \/>\n<meta property=\"article:publisher\" content=\"https:\/\/www.facebook.com\/hazelbox\/\" \/>\n<meta property=\"article:modified_time\" content=\"2025-09-05T10:59:05+00:00\" \/>\n<meta name=\"twitter:card\" content=\"summary_large_image\" \/>\n<meta name=\"twitter:site\" content=\"@HazelboxGrowbox\" \/>\n<meta name=\"twitter:label1\" content=\"Gesch\u00e4tzte Lesezeit\" \/>\n\t<meta name=\"twitter:data1\" content=\"4\u00a0Minuten\" \/>\n<script type=\"application\/ld+json\" class=\"yoast-schema-graph\">{\"@context\":\"https:\/\/schema.org\",\"@graph\":[{\"@type\":\"WebPage\",\"@id\":\"https:\/\/www.hazelbox.com\/de\/impressum\/\",\"url\":\"https:\/\/www.hazelbox.com\/de\/impressum\/\",\"name\":\"Impressum - Hazelbox - Die Growbox aus Metall\",\"isPartOf\":{\"@id\":\"https:\/\/www.hazelbox.com\/en\/#website\"},\"datePublished\":\"2017-11-13T19:05:03+00:00\",\"dateModified\":\"2025-09-05T10:59:05+00:00\",\"description\":\"Hier findest du das Impressum der Firma M\u00f6\u00f6x GmbH,Kapuzinerstra\u00dfe 25b,80337 M\u00fcnchen. Wir stellen die Hazelbox Growbox her\",\"breadcrumb\":{\"@id\":\"https:\/\/www.hazelbox.com\/de\/impressum\/#breadcrumb\"},\"inLanguage\":\"de\",\"potentialAction\":[{\"@type\":\"ReadAction\",\"target\":[\"https:\/\/www.hazelbox.com\/de\/impressum\/\"]}]},{\"@type\":\"BreadcrumbList\",\"@id\":\"https:\/\/www.hazelbox.com\/de\/impressum\/#breadcrumb\",\"itemListElement\":[{\"@type\":\"ListItem\",\"position\":1,\"name\":\"Startseite\",\"item\":\"https:\/\/www.hazelbox.com\/de\/\"},{\"@type\":\"ListItem\",\"position\":2,\"name\":\"Impressum\"}]},{\"@type\":\"WebSite\",\"@id\":\"https:\/\/www.hazelbox.com\/en\/#website\",\"url\":\"https:\/\/www.hazelbox.com\/en\/\",\"name\":\"Hazelbox - Die Growbox aus Metall\",\"description\":\"Neues von unserer Growbox aus Stahl\",\"publisher\":{\"@id\":\"https:\/\/www.hazelbox.com\/en\/#organization\"},\"potentialAction\":[{\"@type\":\"SearchAction\",\"target\":{\"@type\":\"EntryPoint\",\"urlTemplate\":\"https:\/\/www.hazelbox.com\/en\/?s={search_term_string}\"},\"query-input\":{\"@type\":\"PropertyValueSpecification\",\"valueRequired\":true,\"valueName\":\"search_term_string\"}}],\"inLanguage\":\"de\"},{\"@type\":\"Organization\",\"@id\":\"https:\/\/www.hazelbox.com\/en\/#organization\",\"name\":\"Hazelbox - Die Growbox aus Metall\",\"url\":\"https:\/\/www.hazelbox.com\/en\/\",\"logo\":{\"@type\":\"ImageObject\",\"inLanguage\":\"de\",\"@id\":\"https:\/\/www.hazelbox.com\/en\/#\/schema\/logo\/image\/\",\"url\":\"https:\/\/www.hazelbox.com\/wp-content\/uploads\/2021\/02\/hazelbox-favicon_Zeichenfla\u0308che-1.svg\",\"contentUrl\":\"https:\/\/www.hazelbox.com\/wp-content\/uploads\/2021\/02\/hazelbox-favicon_Zeichenfla\u0308che-1.svg\",\"width\":\"1024\",\"height\":\"1024\",\"caption\":\"Hazelbox - Die Growbox aus Metall\"},\"image\":{\"@id\":\"https:\/\/www.hazelbox.com\/en\/#\/schema\/logo\/image\/\"},\"sameAs\":[\"https:\/\/www.facebook.com\/hazelbox\/\",\"https:\/\/x.com\/HazelboxGrowbox\",\"https:\/\/www.instagram.com\/hazelbox.growbox\/\",\"https:\/\/www.youtube.com\/@HazelboxVideo\"]}]}<\/script>\n<!-- \/ Yoast SEO Premium plugin. -->","yoast_head_json":{"title":"Impressum - Hazelbox - Die Growbox aus Metall","description":"Hier findest du das Impressum der Firma M\u00f6\u00f6x GmbH,Kapuzinerstra\u00dfe 25b,80337 M\u00fcnchen. Wir stellen die Hazelbox Growbox her","robots":{"index":"index","follow":"follow","max-snippet":"max-snippet:-1","max-image-preview":"max-image-preview:large","max-video-preview":"max-video-preview:-1"},"canonical":"https:\/\/www.hazelbox.com\/de\/impressum\/","og_locale":"de_DE","og_type":"article","og_title":"Impressum","og_description":"Hier findest du das Impressum der Firma M\u00f6\u00f6x GmbH,Kapuzinerstra\u00dfe 25b,80337 M\u00fcnchen. Wir stellen die Hazelbox Growbox her","og_url":"https:\/\/www.hazelbox.com\/de\/impressum\/","og_site_name":"Hazelbox - Die Growbox aus Metall","article_publisher":"https:\/\/www.facebook.com\/hazelbox\/","article_modified_time":"2025-09-05T10:59:05+00:00","twitter_card":"summary_large_image","twitter_site":"@HazelboxGrowbox","twitter_misc":{"Gesch\u00e4tzte Lesezeit":"4\u00a0Minuten"},"schema":{"@context":"https:\/\/schema.org","@graph":[{"@type":"WebPage","@id":"https:\/\/www.hazelbox.com\/de\/impressum\/","url":"https:\/\/www.hazelbox.com\/de\/impressum\/","name":"Impressum - Hazelbox - Die Growbox aus Metall","isPartOf":{"@id":"https:\/\/www.hazelbox.com\/en\/#website"},"datePublished":"2017-11-13T19:05:03+00:00","dateModified":"2025-09-05T10:59:05+00:00","description":"Hier findest du das Impressum der Firma M\u00f6\u00f6x GmbH,Kapuzinerstra\u00dfe 25b,80337 M\u00fcnchen. Wir stellen die Hazelbox Growbox her","breadcrumb":{"@id":"https:\/\/www.hazelbox.com\/de\/impressum\/#breadcrumb"},"inLanguage":"de","potentialAction":[{"@type":"ReadAction","target":["https:\/\/www.hazelbox.com\/de\/impressum\/"]}]},{"@type":"BreadcrumbList","@id":"https:\/\/www.hazelbox.com\/de\/impressum\/#breadcrumb","itemListElement":[{"@type":"ListItem","position":1,"name":"Startseite","item":"https:\/\/www.hazelbox.com\/de\/"},{"@type":"ListItem","position":2,"name":"Impressum"}]},{"@type":"WebSite","@id":"https:\/\/www.hazelbox.com\/en\/#website","url":"https:\/\/www.hazelbox.com\/en\/","name":"Hazelbox - Die Growbox aus Metall","description":"Neues von unserer Growbox aus Stahl","publisher":{"@id":"https:\/\/www.hazelbox.com\/en\/#organization"},"potentialAction":[{"@type":"SearchAction","target":{"@type":"EntryPoint","urlTemplate":"https:\/\/www.hazelbox.com\/en\/?s={search_term_string}"},"query-input":{"@type":"PropertyValueSpecification","valueRequired":true,"valueName":"search_term_string"}}],"inLanguage":"de"},{"@type":"Organization","@id":"https:\/\/www.hazelbox.com\/en\/#organization","name":"Hazelbox - Die Growbox aus Metall","url":"https:\/\/www.hazelbox.com\/en\/","logo":{"@type":"ImageObject","inLanguage":"de","@id":"https:\/\/www.hazelbox.com\/en\/#\/schema\/logo\/image\/","url":"https:\/\/www.hazelbox.com\/wp-content\/uploads\/2021\/02\/hazelbox-favicon_Zeichenfla\u0308che-1.svg","contentUrl":"https:\/\/www.hazelbox.com\/wp-content\/uploads\/2021\/02\/hazelbox-favicon_Zeichenfla\u0308che-1.svg","width":"1024","height":"1024","caption":"Hazelbox - Die Growbox aus Metall"},"image":{"@id":"https:\/\/www.hazelbox.com\/en\/#\/schema\/logo\/image\/"},"sameAs":["https:\/\/www.facebook.com\/hazelbox\/","https:\/\/x.com\/HazelboxGrowbox","https:\/\/www.instagram.com\/hazelbox.growbox\/","https:\/\/www.youtube.com\/@HazelboxVideo"]}]}},"_links":{"self":[{"href":"https:\/\/www.hazelbox.com\/de\/wp-json\/wp\/v2\/pages\/267","targetHints":{"allow":["GET"]}}],"collection":[{"href":"https:\/\/www.hazelbox.com\/de\/wp-json\/wp\/v2\/pages"}],"about":[{"href":"https:\/\/www.hazelbox.com\/de\/wp-json\/wp\/v2\/types\/page"}],"author":[{"embeddable":true,"href":"https:\/\/www.hazelbox.com\/de\/wp-json\/wp\/v2\/users\/1"}],"replies":[{"embeddable":true,"href":"https:\/\/www.hazelbox.com\/de\/wp-json\/wp\/v2\/comments?post=267"}],"version-history":[{"count":1,"href":"https:\/\/www.hazelbox.com\/de\/wp-json\/wp\/v2\/pages\/267\/revisions"}],"predecessor-version":[{"id":23940,"href":"https:\/\/www.hazelbox.com\/de\/wp-json\/wp\/v2\/pages\/267\/revisions\/23940"}],"wp:attachment":[{"href":"https:\/\/www.hazelbox.com\/de\/wp-json\/wp\/v2\/media?parent=267"}],"curies":[{"name":"wp","href":"https:\/\/api.w.org\/{rel}","templated":true}]}}